{"id":974,"date":"2021-04-02T12:42:25","date_gmt":"2021-04-02T16:42:25","guid":{"rendered":"https:\/\/www.manoamanobolivia.org\/?page_id=974"},"modified":"2026-01-14T17:24:05","modified_gmt":"2026-01-14T21:24:05","slug":"educacion-en-salud","status":"publish","type":"page","link":"https:\/\/www.manoamanobolivia.org\/en\/educacion-en-salud\/","title":{"rendered":""},"content":{"rendered":"<!--themify_builder_content-->\n<div id=\"themify_builder_content-974\" data-postid=\"974\" class=\"themify_builder_content themify_builder_content-974 themify_builder tf_clear\">\n    \t<!-- module_row -->\n\t<div  data-css_id=\"mxel598\" data-lazy=\"1\" class=\"module_row themify_builder_row repeat fullwidth tb_mxel598 tb_first clearfix\" >\n\t    \t\t<div class=\"row_inner col_align_middle gutter-none tf_box tf_w tf_rel\"  data-basecol=\"2\" data-col_tablet=\"column-full\" data-col_mobile=\"column-full\">\n\t\t\t<div  data-lazy=\"1\" style=\"width: 55.24%\" class=\"module_column tb-column col4-2 first tb_cf6m603 fullcover tf_box\">\n\t    \t    <div class=\"tf_hide column-slider tb_slider\" data-bgmode=\"fullcover\" data-sliderspeed=\"2000\">\n\t        <ul class=\"tf_abs row-slider-slides clearfix\">\n\t\t    \t\t\t<li data-bg=\"https:\/\/www.manoamanobolivia.org\/wp-content\/uploads\/2021\/06\/edu_sal_3-1024x800.jpg\" class=\"normal\">\n\t\t\t    <a class=\"row-slider-dot\" data-index=\"0\"><\/a>\n\t\t\t<\/li>\n\t\t\t\t\t\t<li data-bg=\"https:\/\/www.manoamanobolivia.org\/wp-content\/uploads\/2021\/06\/edu_sal_4-1024x748.jpg\" class=\"normal\">\n\t\t\t    <a class=\"row-slider-dot\" data-index=\"1\"><\/a>\n\t\t\t<\/li>\n\t\t\t\t\t\t<li data-bg=\"https:\/\/www.manoamanobolivia.org\/wp-content\/uploads\/2021\/06\/edu_sal_5-1024x748.jpg\" class=\"normal\">\n\t\t\t    <a class=\"row-slider-dot\" data-index=\"2\"><\/a>\n\t\t\t<\/li>\n\t\t\t\t        <\/ul>\n\t        <div class=\"row-slider-nav\">\n\t    \t<a class=\"tf_abs row-slider-arrow row-slider-prev\">&lsaquo;<\/a>\n\t    \t<a class=\"tf_abs row-slider-arrow row-slider-next\">&rsaquo;<\/a>\n\t        <\/div>\n\t    <\/div>\n\t    <!-- \/.row-bgs -->\n\t    \t    \t        <div class=\"tb-column-inner tf_box tf_w\">\n\t\t    <!-- module text -->\n<div  class=\"module module-text tb_ua4j605  repeat  wow\" data-tf-animation=\"fadeInLeft\" data-lazy=\"1\">\n            <div  class=\"tb_text_wrap\">\n    <h1>Educaci\u00f3n en salud<\/h1>    <\/div>\n<\/div>\n<!-- \/module text -->\t        <\/div>\n\t    \t<\/div>\n\t\t<div  data-lazy=\"1\" style=\"width: 44.76%\" class=\"module_column tb-column col4-2 last tb_o79o608 repeat tf_box\">\n\t    \t    \t        <div class=\"tb-column-inner tf_box tf_w\">\n\t\t    <!-- module text -->\n<div  class=\"module module-text tb_cuzr616  repeat  wow\" data-tf-animation=\"fadeInRight\" data-tf-animation_delay=\"1\" data-lazy=\"1\">\n            <div  class=\"tb_text_wrap\">\n    <p>En Bolivia, el 80 % de los proveedores de salud trabajan en \u00e1reas rurales alejadas de los centros urbanos, con pocas oportunidades de capacitaci\u00f3n y actualizaci\u00f3n profesional. Esto no solo limita su crecimiento y satisfacci\u00f3n laboral, sino que tambi\u00e9n afecta de manera directa la calidad de atenci\u00f3n que reciben los pacientes, dejando a las comunidades m\u00e1s vulnerables en una situaci\u00f3n de riesgo constante.<\/p>    <\/div>\n<\/div>\n<!-- \/module text -->\t        <\/div>\n\t    \t<\/div>\n\t\t    <\/div>\n\t    <!-- \/row_inner -->\n\t<\/div>\n\t<!-- \/module_row -->\n\t\t<!-- module_row -->\n\t<div  data-css_id=\"luh4283\" data-lazy=\"1\" class=\"module_row themify_builder_row builder-parallax-scrolling fullwidth tb_luh4283 clearfix\" >\n\t    <div class=\"tf_abs builder_row_cover\"><\/div>\t\t<div class=\"row_inner col_align_top tf_box tf_w tf_rel\">\n\t\t\t<div  data-lazy=\"1\" class=\"module_column tb-column col-full first tb_5q13284 repeat tf_box\">\n\t    \t    \t        <div class=\"tb-column-inner tf_box tf_w\">\n\t\t    <!-- module text -->\n<div  class=\"module module-text tb_iqt4771  repeat  wow\" data-tf-animation=\"fadeIn\" data-lazy=\"1\">\n            <div  class=\"tb_text_wrap\">\n    <p>Mano a Mano Bolivia ofrece un programa de educaci\u00f3n continua para m\u00e9dicos, enfermeros, odont\u00f3logos y personal param\u00e9dico, dise\u00f1ado para fortalecer sus conocimientos te\u00f3ricos, pr\u00e1cticos y actitudinales en \u00e1reas esenciales como salud p\u00fablica preventiva, medicina basada en evidencia, soporte b\u00e1sico de vida y manejo avanzado de emergencias. Gracias a esta formaci\u00f3n, los profesionales est\u00e1n mejor preparados para brindar atenci\u00f3n de calidad en comunidades rurales, salvando vidas y mejorando la salud de quienes m\u00e1s lo necesitan. Todos los participantes reciben certificados con valor curricular que reconocen su compromiso y actualizaci\u00f3n profesional.<\/p>    <\/div>\n<\/div>\n<!-- \/module text -->\t        <\/div>\n\t    \t<\/div>\n\t\t    <\/div>\n\t    <!-- \/row_inner -->\n\t<\/div>\n\t<!-- \/module_row -->\n\t\t<!-- module_row -->\n\t<div  data-css_id=\"iurc696\" data-lazy=\"1\" class=\"module_row themify_builder_row repeat fullwidth tb_iurc696 clearfix wow\" data-tf-animation=\"fadeIn\" >\n\t    \t\t<div class=\"row_inner col_align_middle gutter-none tf_box tf_w tf_rel\"  data-mobile_dir=\"rtl\" data-basecol=\"2\" data-col_tablet=\"column-full\" data-col_mobile=\"column-full\">\n\t\t\t<div  data-lazy=\"1\" style=\"width: 44.95%\" class=\"module_column tb-column col4-2 first tb_h1xw741 repeat tf_box\">\n\t    \t    \t        <div class=\"tb-column-inner tf_box tf_w\">\n\t\t    <!-- module text -->\n<div  class=\"module module-text tb_kamc174  repeat  wow\" data-tf-animation=\"fadeInLeft\" data-tf-animation_delay=\"1\" data-lazy=\"1\">\n            <div  class=\"tb_text_wrap\">\n    <p>Mano a Mano Bolivia cuenta con un equipo de instructores voluntarios especializados en diversas \u00e1reas de la salud, y recibe apoyo internacional constante de los voluntarios de \u201cMedical Educators for Latin America\u201d (Minnesota e Idaho) y de la Cl\u00ednica Mayo en Rochester, Minnesota.<\/p>    <\/div>\n<\/div>\n<!-- \/module text -->\t        <\/div>\n\t    \t<\/div>\n\t\t<div  data-lazy=\"1\" style=\"width: 55.05%\" class=\"module_column tb-column col4-2 last tb_uf0c851 fullcover tf_box\">\n\t    \t    <div class=\"tf_hide column-slider tb_slider\" data-bgmode=\"fullcover\" data-sliderspeed=\"2000\">\n\t        <ul class=\"tf_abs row-slider-slides clearfix\">\n\t\t    \t\t\t<li data-bg=\"https:\/\/www.manoamanobolivia.org\/wp-content\/uploads\/2018\/04\/42971-1024x768.jpg\" class=\"normal\">\n\t\t\t    <a class=\"row-slider-dot\" data-index=\"0\"><\/a>\n\t\t\t<\/li>\n\t\t\t\t\t\t<li data-bg=\"https:\/\/www.manoamanobolivia.org\/wp-content\/uploads\/2018\/04\/42973-1024x768.jpg\" class=\"normal\">\n\t\t\t    <a class=\"row-slider-dot\" data-index=\"1\"><\/a>\n\t\t\t<\/li>\n\t\t\t\t        <\/ul>\n\t        <div class=\"row-slider-nav\">\n\t    \t<a class=\"tf_abs row-slider-arrow row-slider-prev\">&lsaquo;<\/a>\n\t    \t<a class=\"tf_abs row-slider-arrow row-slider-next\">&rsaquo;<\/a>\n\t        <\/div>\n\t    <\/div>\n\t    <!-- \/.row-bgs -->\n\t    \t    \t        <div class=\"tb-column-inner tf_box tf_w\">\n\t\t    <!-- module text -->\n<div  class=\"module module-text tb_iax9851  repeat  wow\" data-tf-animation=\"fadeInRight\" data-lazy=\"1\">\n            <div  class=\"tb_text_wrap\">\n        <\/div>\n<\/div>\n<!-- \/module text -->\t        <\/div>\n\t    \t<\/div>\n\t\t    <\/div>\n\t    <!-- \/row_inner -->\n\t<\/div>\n\t<!-- \/module_row -->\n\t\t<!-- module_row -->\n\t<div  data-css_id=\"bwqr518\" data-lazy=\"1\" class=\"module_row themify_builder_row builder-parallax-scrolling fullwidth tb_bwqr518 clearfix\" >\n\t    <div class=\"tf_abs builder_row_cover\"><\/div>\t\t<div class=\"row_inner col_align_top tf_box tf_w tf_rel\">\n\t\t\t<div  data-lazy=\"1\" class=\"module_column tb-column col-full first tb_z6b9518 repeat tf_box\">\n\t    \t    \t        <div class=\"tb-column-inner tf_box tf_w\">\n\t\t    <!-- module text -->\n<div  class=\"module module-text tb_av0r519  repeat  wow\" data-tf-animation=\"fadeIn\" data-lazy=\"1\">\n            <div  class=\"tb_text_wrap\">\n    <p>Como parte de su compromiso social, Mano a Mano Bolivia ofrece cursos de capacitaci\u00f3n en salud a la polic\u00eda y a los cuerpos de bomberos, colabora con centros educativos p\u00fablicos y desarrolla programas de formaci\u00f3n para \u201cpromotores de salud locales\u201d en las comunidades donde ha construido centros de salud rurales. De esta manera, fortalece las capacidades locales y contribuye a mejorar la atenci\u00f3n y el bienestar de toda la poblaci\u00f3n.<\/p>    <\/div>\n<\/div>\n<!-- \/module text -->\t        <\/div>\n\t    \t<\/div>\n\t\t    <\/div>\n\t    <!-- \/row_inner -->\n\t<\/div>\n\t<!-- \/module_row -->\n\t\t<!-- module_row -->\n\t<div  data-lazy=\"1\" class=\"module_row themify_builder_row repeat tb_4gzz503 clearfix\" >\n\t    \t\t<div class=\"row_inner col_align_top gutter-none tf_box tf_w tf_rel\"  data-basecol=\"3\" data-col_tablet=\"column-full\">\n\t\t\t<div  data-lazy=\"1\" class=\"module_column tb-column col4-1 first tb_qfxv503 fullcover tf_box\">\n\t    \t    \t<\/div>\n\t\t<div  data-lazy=\"1\" class=\"module_column tb-column col4-2 middle tb_zqic503 repeat tf_box\">\n\t    \t    \t        <div class=\"tb-column-inner tf_box tf_w\">\n\t\t    <!-- module text -->\n<div  class=\"module module-text tb_svdz503  repeat \" data-lazy=\"1\">\n            <div  class=\"tb_text_wrap\">\n    <p>Info<\/p>    <\/div>\n<\/div>\n<!-- \/module text --><!-- module icon -->\n<div  class=\"module module-icon tb_xw27503  small none icon_vertical \" data-lazy=\"1\">\n            <div class=\"module-icon\">\n\t\t    <div class=\"module-icon-item\">\n\t\t                \t\t    \t\t\t    <i class=\"ui tf_vmiddle tf_textc tf_box black\"><svg  aria-hidden=\"true\" class=\"tf_fa tf-fas-search-location\"><use href=\"#tf-fas-search-location\"><\/use><\/svg><\/i>\n\t\t                \t\t    \t\t\t<span class=\"tf_vmiddle\">Calle Cardenal Terrazas N\u00b0 S 395, Zona Quintanilla<\/span>\n\t\t    \t\t    \t    <\/div>\n\t\t    <div class=\"module-icon-item\">\n\t\t                \t\t    \t\t\t    <i class=\"ui tf_vmiddle tf_textc tf_box black\"><svg  aria-hidden=\"true\" class=\"tf_fa tf-fas-phone-alt\"><use href=\"#tf-fas-phone-alt\"><\/use><\/svg><\/i>\n\t\t                \t\t    \t\t\t<span class=\"tf_vmiddle\">(+591) 4722584 - (+591) 4722585<\/span>\n\t\t    \t\t    \t    <\/div>\n\t\t    <div class=\"module-icon-item\">\n\t\t                \t\t    \t\t\t    <i class=\"ui tf_vmiddle tf_textc tf_box black\"><svg  aria-hidden=\"true\" class=\"tf_fa tf-fas-mobile-alt\"><use href=\"#tf-fas-mobile-alt\"><\/use><\/svg><\/i>\n\t\t                \t\t    \t\t\t<span class=\"tf_vmiddle\">(+591) 72202345<\/span>\n\t\t    \t\t    \t    <\/div>\n\t\t    <div class=\"module-icon-item\">\n\t\t                \t\t    \t\t\t    <i class=\"ui tf_vmiddle tf_textc tf_box black\"><svg  aria-hidden=\"true\" class=\"tf_fa tf-fas-envelope\"><use href=\"#tf-fas-envelope\"><\/use><\/svg><\/i>\n\t\t                \t\t    \t\t\t<span class=\"tf_vmiddle\">info@manoamanobolivia.org<\/span>\n\t\t    \t\t    \t    <\/div>\n\t    <\/div>\n<\/div>\n<!-- \/module icon -->\n\t        <\/div>\n\t    \t<\/div>\n\t\t<div  data-lazy=\"1\" class=\"module_column tb-column col4-1 last tb_e1o6503 repeat tf_box\">\n\t    \t    \t        <div class=\"tb-column-inner tf_box tf_w\">\n\t\t    <!-- module text -->\n<div  class=\"module module-text tb_rkdz503  repeat \" data-lazy=\"1\">\n            <div  class=\"tb_text_wrap\">\n    <p>S\u00edguenos<\/p>    <\/div>\n<\/div>\n<!-- \/module text --><!-- module icon -->\n<div  class=\"module module-icon tb_27r5503  normal none icon_horizontal \" data-lazy=\"1\">\n            <div class=\"module-icon\">\n\t\t    <div class=\"module-icon-item tf_inline_b\">\n\t\t\t\t    <a href=\"https:\/\/www.facebook.com\/ManoaManoBolivia\" rel=\"noopener\" target=\"_blank\">\n\t\t                    \t\t    \t\t\t    <i class=\"ui tf_vmiddle tf_textc tf_box tb_default_color\"><svg  aria-hidden=\"true\" class=\"tf_fa tf-fab-facebook-square\"><use href=\"#tf-fab-facebook-square\"><\/use><\/svg><\/i>\n\t\t                \t\t    \t\t    \t\t    <\/a>\n\t\t\t    <\/div>\n\t\t    <div class=\"module-icon-item tf_inline_b\">\n\t\t                \t\t    \t\t\t    <i class=\"ui tf_vmiddle tf_textc tf_box tb_default_color\"><svg  aria-hidden=\"true\" class=\"tf_fa tf-fab-instagram-square\"><use href=\"#tf-fab-instagram-square\"><\/use><\/svg><\/i>\n\t\t                \t\t    \t\t    \t    <\/div>\n\t\t    <div class=\"module-icon-item tf_inline_b\">\n\t\t                \t\t    \t\t\t    <i class=\"ui tf_vmiddle tf_textc tf_box tb_default_color\"><svg  aria-hidden=\"true\" class=\"tf_fa tf-fab-youtube-square\"><use href=\"#tf-fab-youtube-square\"><\/use><\/svg><\/i>\n\t\t                \t\t    \t\t    \t    <\/div>\n\t    <\/div>\n<\/div>\n<!-- \/module icon -->\n\t        <\/div>\n\t    \t<\/div>\n\t\t    <\/div>\n\t    <!-- \/row_inner -->\n\t<\/div>\n\t<!-- \/module_row -->\n\t<\/div>\n<!--\/themify_builder_content-->\n","protected":false},"excerpt":{"rendered":"<p>Educaci\u00f3n en salud<\/p>\n","protected":false},"author":1,"featured_media":0,"parent":0,"menu_order":0,"comment_status":"closed","ping_status":"closed","template":"","meta":{"footnotes":""},"_links":{"self":[{"href":"https:\/\/www.manoamanobolivia.org\/en\/wp-json\/wp\/v2\/pages\/974"}],"collection":[{"href":"https:\/\/www.manoamanobolivia.org\/en\/wp-json\/wp\/v2\/pages"}],"about":[{"href":"https:\/\/www.manoamanobolivia.org\/en\/wp-json\/wp\/v2\/types\/page"}],"author":[{"embeddable":true,"href":"https:\/\/www.manoamanobolivia.org\/en\/wp-json\/wp\/v2\/users\/1"}],"replies":[{"embeddable":true,"href":"https:\/\/www.manoamanobolivia.org\/en\/wp-json\/wp\/v2\/comments?post=974"}],"version-history":[{"count":68,"href":"https:\/\/www.manoamanobolivia.org\/en\/wp-json\/wp\/v2\/pages\/974\/revisions"}],"predecessor-version":[{"id":2471,"href":"https:\/\/www.manoamanobolivia.org\/en\/wp-json\/wp\/v2\/pages\/974\/revisions\/2471"}],"wp:attachment":[{"href":"https:\/\/www.manoamanobolivia.org\/en\/wp-json\/wp\/v2\/media?parent=974"}],"curies":[{"name":"wp","href":"https:\/\/api.w.org\/{rel}","templated":true}]}}