{"id":986,"date":"2021-04-02T12:49:37","date_gmt":"2021-04-02T16:49:37","guid":{"rendered":"https:\/\/www.manoamanobolivia.org\/?page_id=986"},"modified":"2021-07-16T10:31:59","modified_gmt":"2021-07-16T14:31:59","slug":"insumos-medicos","status":"publish","type":"page","link":"https:\/\/www.manoamanobolivia.org\/en\/insumos-medicos\/","title":{"rendered":""},"content":{"rendered":"<!--themify_builder_content-->\n<div id=\"themify_builder_content-986\" data-postid=\"986\" class=\"themify_builder_content themify_builder_content-986 themify_builder tf_clear\">\n    \t<!-- module_row -->\n\t<div  data-css_id=\"mxel598\" data-lazy=\"1\" class=\"module_row themify_builder_row repeat fullwidth tb_mxel598 tb_first clearfix\" >\n\t    \t\t<div class=\"row_inner col_align_middle gutter-none tf_box tf_w tf_rel\"  data-basecol=\"2\" data-col_tablet=\"column-full\">\n\t\t\t<div  data-lazy=\"1\" style=\"width: 55.24%\" class=\"module_column tb-column col4-2 first tb_cf6m603 fullcover tf_box\">\n\t    \t    <div class=\"tf_hide column-slider tb_slider\" data-bgmode=\"fullcover\" data-sliderspeed=\"2000\">\n\t        <ul class=\"tf_abs row-slider-slides clearfix\">\n\t\t    \t\t\t<li data-bg=\"https:\/\/www.manoamanobolivia.org\/wp-content\/uploads\/2021\/06\/ins_med_4-1024x779.jpg\" class=\"normal\">\n\t\t\t    <a class=\"row-slider-dot\" data-index=\"0\"><\/a>\n\t\t\t<\/li>\n\t\t\t\t\t\t<li data-bg=\"https:\/\/www.manoamanobolivia.org\/wp-content\/uploads\/2021\/06\/insumos_m1-1024x768.jpg\" class=\"normal\">\n\t\t\t    <a class=\"row-slider-dot\" data-index=\"1\"><\/a>\n\t\t\t<\/li>\n\t\t\t\t\t\t<li data-bg=\"https:\/\/www.manoamanobolivia.org\/wp-content\/uploads\/2021\/06\/ins_med_3-1024x748.jpg\" class=\"normal\">\n\t\t\t    <a class=\"row-slider-dot\" data-index=\"2\"><\/a>\n\t\t\t<\/li>\n\t\t\t\t        <\/ul>\n\t        <div class=\"row-slider-nav\">\n\t    \t<a class=\"tf_abs row-slider-arrow row-slider-prev\">&lsaquo;<\/a>\n\t    \t<a class=\"tf_abs row-slider-arrow row-slider-next\">&rsaquo;<\/a>\n\t        <\/div>\n\t    <\/div>\n\t    <!-- \/.row-bgs -->\n\t    \t    \t        <div class=\"tb-column-inner tf_box tf_w\">\n\t\t    <!-- module text -->\n<div  class=\"module module-text tb_ua4j605  repeat  wow\" data-tf-animation=\"fadeInLeft\" data-lazy=\"1\">\n            <div  class=\"tb_text_wrap\">\n    <h1>INSUMOS Y EQUIPOS M\u00c9DICOS<\/h1>    <\/div>\n<\/div>\n<!-- \/module text -->\t        <\/div>\n\t    \t<\/div>\n\t\t<div  data-lazy=\"1\" style=\"width: 44.76%\" class=\"module_column tb-column col4-2 last tb_o79o608 repeat tf_box\">\n\t    \t    \t        <div class=\"tb-column-inner tf_box tf_w\">\n\t\t    <!-- module text -->\n<div  class=\"module module-text tb_cuzr616    wow\" data-tf-animation=\"fadeInRight\" data-tf-animation_delay=\"1\" data-lazy=\"1\">\n            <div  class=\"tb_text_wrap\">\n    <p>En Bolivia las instituciones p\u00fablicas de salud no tienen el presupuesto suficiente para la compra de insumos y suministros de medicos para ofrecer apoyo social a pacientes sin recursos.<\/p>\n<p>Despu\u00e9s de sufrir accidentes y otras enfermedades, muchas personas\u00a0 requieren insumos y equipos para rehabilitaci\u00f3n f\u00edsica, pero por su limitada condici\u00f3n econ\u00f3mica no puedan obtenerlos.<\/p>    <\/div>\n<\/div>\n<!-- \/module text -->\t        <\/div>\n\t    \t<\/div>\n\t\t    <\/div>\n\t    <!-- \/row_inner -->\n\t<\/div>\n\t<!-- \/module_row -->\n\t\t<!-- module_row -->\n\t<div  data-css_id=\"luh4283\" data-lazy=\"1\" class=\"module_row themify_builder_row builder-parallax-scrolling fullwidth tb_luh4283 clearfix\" >\n\t    \t\t<div class=\"row_inner col_align_top tf_box tf_w tf_rel\">\n\t\t\t<div  data-lazy=\"1\" class=\"module_column tb-column col-full first tb_5q13284 tf_box\">\n\t    \t    \t        <div class=\"tb-column-inner tf_box tf_w\">\n\t\t    <!-- module text -->\n<div  class=\"module module-text tb_vz84117  repeat  wow\" data-tf-animation=\"fadeIn\" data-lazy=\"1\">\n            <div  class=\"tb_text_wrap\">\n    <p>Mano a Mano Bolivia con un programa donaci\u00f3n insumos y equipos m\u00e9dicos de apoya a hospitales, centros de salud, asilos, c\u00e1rceles, orfanatos, polic\u00eda, bomberos y otras instituciones p\u00fablicas sin fines de lucro de todo el pa\u00eds. Tambi\u00e9n realiza el pr\u00e9stamo o donaci\u00f3n de silla de ruedas, muletas, andadores, bastones y otros art\u00edculos para rehabilitaci\u00f3n f\u00edsica a personas que recursos econ\u00f3micos limitados.<\/p>    <\/div>\n<\/div>\n<!-- \/module text -->\t        <\/div>\n\t    \t<\/div>\n\t\t    <\/div>\n\t    <!-- \/row_inner -->\n\t<\/div>\n\t<!-- \/module_row -->\n\t\t<!-- module_row -->\n\t<div  data-css_id=\"iurc696\" data-lazy=\"1\" class=\"module_row themify_builder_row repeat fullwidth tb_iurc696 clearfix wow\" data-tf-animation=\"fadeIn\" >\n\t    \t\t<div class=\"row_inner col_align_middle gutter-none tf_box tf_w tf_rel\"  data-basecol=\"2\" data-col_tablet=\"column-full\">\n\t\t\t<div  data-lazy=\"1\" style=\"width: 44.95%\" class=\"module_column tb-column col4-2 first tb_h1xw741 repeat tf_box\">\n\t    \t    \t        <div class=\"tb-column-inner tf_box tf_w\">\n\t\t    <!-- module text -->\n<div  class=\"module module-text tb_kamc174  repeat  wow\" data-tf-animation=\"fadeInLeft\" data-tf-animation_delay=\"1\" data-lazy=\"1\">\n            <div  class=\"tb_text_wrap\">\n    <p>Todos estos materiales son recolectados y enviados desde Minnesota EE UU, por voluntarios de la Organizaci\u00f3n Mano a Mano International Partners. En Bolivia estos materiales son seleccionados y reacondicionados por voluntarios locales para finalmente distribuirlos.<\/p>    <\/div>\n<\/div>\n<!-- \/module text -->\t        <\/div>\n\t    \t<\/div>\n\t\t<div  data-lazy=\"1\" style=\"width: 55.05%\" class=\"module_column tb-column col4-2 last tb_uf0c851 repeat-none tf_box\">\n\t    \t    <div class=\"tf_hide column-slider tb_slider\" data-bgmode=\"fullcover\" data-sliderspeed=\"2000\">\n\t        <ul class=\"tf_abs row-slider-slides clearfix\">\n\t\t    \t\t\t<li data-bg=\"https:\/\/www.manoamanobolivia.org\/wp-content\/uploads\/2021\/06\/insumos_m3-1024x768.jpg\" class=\"normal\">\n\t\t\t    <a class=\"row-slider-dot\" data-index=\"0\"><\/a>\n\t\t\t<\/li>\n\t\t\t\t\t\t<li data-bg=\"https:\/\/www.manoamanobolivia.org\/wp-content\/uploads\/2021\/06\/insumos_m2-1024x768.jpg\" class=\"normal\">\n\t\t\t    <a class=\"row-slider-dot\" data-index=\"1\"><\/a>\n\t\t\t<\/li>\n\t\t\t\t\t\t<li data-bg=\"https:\/\/www.manoamanobolivia.org\/wp-content\/uploads\/2021\/06\/ins_med_2-1024x779.jpg\" class=\"normal\">\n\t\t\t    <a class=\"row-slider-dot\" data-index=\"2\"><\/a>\n\t\t\t<\/li>\n\t\t\t\t        <\/ul>\n\t        <div class=\"row-slider-nav\">\n\t    \t<a class=\"tf_abs row-slider-arrow row-slider-prev\">&lsaquo;<\/a>\n\t    \t<a class=\"tf_abs row-slider-arrow row-slider-next\">&rsaquo;<\/a>\n\t        <\/div>\n\t    <\/div>\n\t    <!-- \/.row-bgs -->\n\t    \t    \t<\/div>\n\t\t    <\/div>\n\t    <!-- \/row_inner -->\n\t<\/div>\n\t<!-- \/module_row -->\n\t\t<!-- module_row -->\n\t<div  data-lazy=\"1\" class=\"module_row themify_builder_row repeat tb_2s7g614 clearfix\" >\n\t    \t\t<div class=\"row_inner col_align_top gutter-none tf_box tf_w tf_rel\"  data-basecol=\"3\" data-col_tablet=\"column-full\">\n\t\t\t<div  data-lazy=\"1\" class=\"module_column tb-column col4-1 first tb_dhbg616 fullcover tf_box\">\n\t    \t    \t<\/div>\n\t\t<div  data-lazy=\"1\" class=\"module_column tb-column col4-2 middle tb_17nx616 repeat tf_box\">\n\t    \t    \t        <div class=\"tb-column-inner tf_box tf_w\">\n\t\t    <!-- module text -->\n<div  class=\"module module-text tb_8p9s616  repeat \" data-lazy=\"1\">\n            <div  class=\"tb_text_wrap\">\n    <p>Info<\/p>    <\/div>\n<\/div>\n<!-- \/module text --><!-- module icon -->\n<div  class=\"module module-icon tb_2el4617  small none icon_vertical \" data-lazy=\"1\">\n            <div class=\"module-icon\">\n\t\t    <div class=\"module-icon-item\">\n\t\t                \t\t    \t\t\t    <i class=\"ui tf_vmiddle tf_textc tf_box black\"><svg  aria-hidden=\"true\" class=\"tf_fa tf-fas-search-location\"><use href=\"#tf-fas-search-location\"><\/use><\/svg><\/i>\n\t\t                \t\t    \t\t\t<span class=\"tf_vmiddle\">Calle Cardenal Terrazas N\u00b0 S 395, Zona Quintanilla<\/span>\n\t\t    \t\t    \t    <\/div>\n\t\t    <div class=\"module-icon-item\">\n\t\t                \t\t    \t\t\t    <i class=\"ui tf_vmiddle tf_textc tf_box black\"><svg  aria-hidden=\"true\" class=\"tf_fa tf-fas-phone-alt\"><use href=\"#tf-fas-phone-alt\"><\/use><\/svg><\/i>\n\t\t                \t\t    \t\t\t<span class=\"tf_vmiddle\">(+591) 4722584 - (+591) 4722585<\/span>\n\t\t    \t\t    \t    <\/div>\n\t\t    <div class=\"module-icon-item\">\n\t\t                \t\t    \t\t\t    <i class=\"ui tf_vmiddle tf_textc tf_box black\"><svg  aria-hidden=\"true\" class=\"tf_fa tf-fas-mobile-alt\"><use href=\"#tf-fas-mobile-alt\"><\/use><\/svg><\/i>\n\t\t                \t\t    \t\t\t<span class=\"tf_vmiddle\">(+591) 72202345<\/span>\n\t\t    \t\t    \t    <\/div>\n\t\t    <div class=\"module-icon-item\">\n\t\t                \t\t    \t\t\t    <i class=\"ui tf_vmiddle tf_textc tf_box black\"><svg  aria-hidden=\"true\" class=\"tf_fa tf-fas-envelope\"><use href=\"#tf-fas-envelope\"><\/use><\/svg><\/i>\n\t\t                \t\t    \t\t\t<span class=\"tf_vmiddle\">info@manoamanobolivia.org<\/span>\n\t\t    \t\t    \t    <\/div>\n\t    <\/div>\n<\/div>\n<!-- \/module icon -->\n\t        <\/div>\n\t    \t<\/div>\n\t\t<div  data-lazy=\"1\" class=\"module_column tb-column col4-1 last tb_jqg0617 repeat tf_box\">\n\t    \t    \t        <div class=\"tb-column-inner tf_box tf_w\">\n\t\t    <!-- module text -->\n<div  class=\"module module-text tb_5p4d617  repeat \" data-lazy=\"1\">\n            <div  class=\"tb_text_wrap\">\n    <p>S\u00edguenos<\/p>    <\/div>\n<\/div>\n<!-- \/module text --><!-- module icon -->\n<div  class=\"module module-icon tb_45sx617  normal none icon_horizontal \" data-lazy=\"1\">\n            <div class=\"module-icon\">\n\t\t    <div class=\"module-icon-item tf_inline_b\">\n\t\t\t\t    <a href=\"https:\/\/www.facebook.com\/ManoaManoBolivia\" rel=\"noopener\" target=\"_blank\">\n\t\t                    \t\t    \t\t\t    <i class=\"ui tf_vmiddle tf_textc tf_box tb_default_color\"><svg  aria-hidden=\"true\" class=\"tf_fa tf-fab-facebook-square\"><use href=\"#tf-fab-facebook-square\"><\/use><\/svg><\/i>\n\t\t                \t\t    \t\t    \t\t    <\/a>\n\t\t\t    <\/div>\n\t\t    <div class=\"module-icon-item tf_inline_b\">\n\t\t                \t\t    \t\t\t    <i class=\"ui tf_vmiddle tf_textc tf_box tb_default_color\"><svg  aria-hidden=\"true\" class=\"tf_fa tf-fab-instagram-square\"><use href=\"#tf-fab-instagram-square\"><\/use><\/svg><\/i>\n\t\t                \t\t    \t\t    \t    <\/div>\n\t\t    <div class=\"module-icon-item tf_inline_b\">\n\t\t                \t\t    \t\t\t    <i class=\"ui tf_vmiddle tf_textc tf_box tb_default_color\"><svg  aria-hidden=\"true\" class=\"tf_fa tf-fab-youtube-square\"><use href=\"#tf-fab-youtube-square\"><\/use><\/svg><\/i>\n\t\t                \t\t    \t\t    \t    <\/div>\n\t    <\/div>\n<\/div>\n<!-- \/module icon -->\n\t        <\/div>\n\t    \t<\/div>\n\t\t    <\/div>\n\t    <!-- \/row_inner -->\n\t<\/div>\n\t<!-- \/module_row -->\n\t<\/div>\n<!--\/themify_builder_content-->\n","protected":false},"excerpt":{"rendered":"<p>INSUMOS Y EQUIPOS M\u00c9DICOS<\/p>\n","protected":false},"author":1,"featured_media":0,"parent":0,"menu_order":0,"comment_status":"closed","ping_status":"closed","template":"","meta":{"footnotes":""},"_links":{"self":[{"href":"https:\/\/www.manoamanobolivia.org\/en\/wp-json\/wp\/v2\/pages\/986"}],"collection":[{"href":"https:\/\/www.manoamanobolivia.org\/en\/wp-json\/wp\/v2\/pages"}],"about":[{"href":"https:\/\/www.manoamanobolivia.org\/en\/wp-json\/wp\/v2\/types\/page"}],"author":[{"embeddable":true,"href":"https:\/\/www.manoamanobolivia.org\/en\/wp-json\/wp\/v2\/users\/1"}],"replies":[{"embeddable":true,"href":"https:\/\/www.manoamanobolivia.org\/en\/wp-json\/wp\/v2\/comments?post=986"}],"version-history":[{"count":63,"href":"https:\/\/www.manoamanobolivia.org\/en\/wp-json\/wp\/v2\/pages\/986\/revisions"}],"predecessor-version":[{"id":2356,"href":"https:\/\/www.manoamanobolivia.org\/en\/wp-json\/wp\/v2\/pages\/986\/revisions\/2356"}],"wp:attachment":[{"href":"https:\/\/www.manoamanobolivia.org\/en\/wp-json\/wp\/v2\/media?parent=986"}],"curies":[{"name":"wp","href":"https:\/\/api.w.org\/{rel}","templated":true}]}}