{"id":989,"date":"2021-04-02T12:50:35","date_gmt":"2021-04-02T16:50:35","guid":{"rendered":"https:\/\/www.manoamanobolivia.org\/?page_id=989"},"modified":"2026-01-14T17:07:42","modified_gmt":"2026-01-14T21:07:42","slug":"infraestructura-en-educacion","status":"publish","type":"page","link":"https:\/\/www.manoamanobolivia.org\/en\/infraestructura-en-educacion\/","title":{"rendered":""},"content":{"rendered":"<!--themify_builder_content-->\n<div id=\"themify_builder_content-989\" data-postid=\"989\" class=\"themify_builder_content themify_builder_content-989 themify_builder tf_clear\">\n    \t<!-- module_row -->\n\t<div  data-css_id=\"mxel598\" data-lazy=\"1\" class=\"module_row themify_builder_row repeat fullwidth tb_mxel598 tb_first clearfix\" >\n\t    \t\t<div class=\"row_inner col_align_middle gutter-none tf_box tf_w tf_rel\"  data-basecol=\"2\" data-col_tablet=\"column-full\" data-col_mobile=\"column-full\">\n\t\t\t<div  data-lazy=\"1\" style=\"width: 55.24%\" class=\"module_column tb-column col4-2 first tb_cf6m603 fullcover tf_box\">\n\t    \t    <div class=\"tf_hide column-slider tb_slider\" data-bgmode=\"fullcover\" data-sliderspeed=\"2000\">\n\t        <ul class=\"tf_abs row-slider-slides clearfix\">\n\t\t    \t\t\t<li data-bg=\"https:\/\/www.manoamanobolivia.org\/wp-content\/uploads\/2021\/05\/N\u00b0-1-Antiguas-aulas-en-la-comunidad-1024x688.jpg\" class=\"normal\">\n\t\t\t    <a class=\"row-slider-dot\" data-index=\"0\"><\/a>\n\t\t\t<\/li>\n\t\t\t\t\t\t<li data-bg=\"https:\/\/www.manoamanobolivia.org\/wp-content\/uploads\/2021\/06\/educacion_1-1024x683.jpg\" class=\"normal\">\n\t\t\t    <a class=\"row-slider-dot\" data-index=\"1\"><\/a>\n\t\t\t<\/li>\n\t\t\t\t\t\t<li data-bg=\"https:\/\/www.manoamanobolivia.org\/wp-content\/uploads\/2021\/06\/educacion_2-1024x768.jpg\" class=\"normal\">\n\t\t\t    <a class=\"row-slider-dot\" data-index=\"2\"><\/a>\n\t\t\t<\/li>\n\t\t\t\t        <\/ul>\n\t        <div class=\"row-slider-nav\">\n\t    \t<a class=\"tf_abs row-slider-arrow row-slider-prev\">&lsaquo;<\/a>\n\t    \t<a class=\"tf_abs row-slider-arrow row-slider-next\">&rsaquo;<\/a>\n\t        <\/div>\n\t    <\/div>\n\t    <!-- \/.row-bgs -->\n\t    \t    \t        <div class=\"tb-column-inner tf_box tf_w\">\n\t\t    <!-- module text -->\n<div  class=\"module module-text tb_ua4j605  repeat  wow\" data-tf-animation=\"fadeInLeft\" data-lazy=\"1\">\n            <div  class=\"tb_text_wrap\">\n    <h1>Infraestructura en educaci\u00f3n<\/h1>    <\/div>\n<\/div>\n<!-- \/module text -->\t        <\/div>\n\t    \t<\/div>\n\t\t<div  data-lazy=\"1\" style=\"width: 44.76%\" class=\"module_column tb-column col4-2 last tb_o79o608 repeat tf_box\">\n\t    \t    \t        <div class=\"tb-column-inner tf_box tf_w\">\n\t\t    <!-- module text -->\n<div  class=\"module module-text tb_cuzr616  repeat  wow\" data-tf-animation=\"fadeInRight\" data-tf-animation_delay=\"1\" data-lazy=\"1\">\n            <div  class=\"tb_text_wrap\">\n    <p>El 60 % de la poblaci\u00f3n boliviana vive en \u00e1reas rurales con bajo nivel de desarrollo, donde no existen los recursos necesarios para construir aulas adecuadas para los estudiantes ni viviendas para los maestros. Las pocas escuelas disponibles se encuentran a grandes distancias, generalmente en poblaciones m\u00e1s desarrolladas, lo que provoca altos \u00edndices de deserci\u00f3n escolar \u2014especialmente entre las ni\u00f1as\u2014 y fomenta la migraci\u00f3n de familias en busca de mejores oportunidades.<\/p>    <\/div>\n<\/div>\n<!-- \/module text -->\t        <\/div>\n\t    \t<\/div>\n\t\t    <\/div>\n\t    <!-- \/row_inner -->\n\t<\/div>\n\t<!-- \/module_row -->\n\t\t<!-- module_row -->\n\t<div  data-css_id=\"luh4283\" data-lazy=\"1\" class=\"module_row themify_builder_row builder-parallax-scrolling fullwidth tb_luh4283 clearfix wow\" data-tf-animation=\"fadeIn\" >\n\t    \t\t<div class=\"row_inner col_align_top tf_box tf_w tf_rel\">\n\t\t\t<div  data-lazy=\"1\" class=\"module_column tb-column col-full first tb_5q13284 tf_box\">\n\t    \t    \t        <div class=\"tb-column-inner tf_box tf_w\">\n\t\t    <!-- module text -->\n<div  class=\"module module-text tb_vz84117  repeat  wow\" data-tf-animation=\"fadeIn\" data-lazy=\"1\">\n            <div  class=\"tb_text_wrap\">\n    <p>Mano a Mano Bolivia construye infraestructura escolar con la participaci\u00f3n activa de las comunidades beneficiarias. Gracias a una administraci\u00f3n directa y eficiente, las obras se ejecutan en un plazo de 4 a 5 meses, con un costo hasta 40 % menor al valor comercial. Adem\u00e1s, cada proyecto incluye el equipamiento necesario, permitiendo que las escuelas sean inauguradas completamente listas para su funcionamiento.<\/p>    <\/div>\n<\/div>\n<!-- \/module text -->\t        <\/div>\n\t    \t<\/div>\n\t\t    <\/div>\n\t    <!-- \/row_inner -->\n\t<\/div>\n\t<!-- \/module_row -->\n\t\t<!-- module_row -->\n\t<div  data-css_id=\"iurc696\" data-lazy=\"1\" class=\"module_row themify_builder_row repeat fullwidth tb_iurc696 clearfix wow\" data-tf-animation=\"fadeIn\" >\n\t    \t\t<div class=\"row_inner col_align_middle gutter-none tf_box tf_w tf_rel\"  data-mobile_dir=\"rtl\" data-basecol=\"2\" data-col_tablet=\"column-full\" data-col_mobile=\"column-full\">\n\t\t\t<div  data-lazy=\"1\" style=\"width: 44.95%\" class=\"module_column tb-column col4-2 first tb_h1xw741 repeat tf_box\">\n\t    \t    \t        <div class=\"tb-column-inner tf_box tf_w\">\n\t\t    <!-- module text -->\n<div  class=\"module module-text tb_kamc174  repeat  wow\" data-tf-animation=\"fadeInLeft\" data-tf-animation_delay=\"1\" data-lazy=\"1\">\n            <div  class=\"tb_text_wrap\">\n    <p>Con tu ayuda, muchas comunidades de bajos recursos, podr\u00e1n cubrir entre el 40 % y 45 % del presupuesto faltante de sus proyectos y hacer realidad el sue\u00f1o de sus ni\u00f1os: escuelas con aulas completamente equipadas, ba\u00f1os, duchas, lavander\u00edas, y la posibilidad de construir viviendas familiares para los maestros, garantizando as\u00ed un entorno educativo digno y seguro para todos.<\/p>    <\/div>\n<\/div>\n<!-- \/module text -->\t        <\/div>\n\t    \t<\/div>\n\t\t<div  data-lazy=\"1\" style=\"width: 55.05%\" class=\"module_column tb-column col4-2 last tb_uf0c851 fullcover tf_box\">\n\t    \t    <div class=\"tf_hide column-slider tb_slider\" data-bgmode=\"fullcover\" data-sliderspeed=\"2000\">\n\t        <ul class=\"tf_abs row-slider-slides clearfix\">\n\t\t    \t\t\t<li data-bg=\"https:\/\/www.manoamanobolivia.org\/wp-content\/uploads\/2021\/05\/11.-Inauguracion-Aulas-en-Koraca-Cochabmaba.jpg\" class=\"normal\">\n\t\t\t    <a class=\"row-slider-dot\" data-index=\"0\"><\/a>\n\t\t\t<\/li>\n\t\t\t\t\t\t<li data-bg=\"https:\/\/www.manoamanobolivia.org\/wp-content\/uploads\/2021\/06\/IMG_5006-1024x576.jpg\" class=\"normal\">\n\t\t\t    <a class=\"row-slider-dot\" data-index=\"1\"><\/a>\n\t\t\t<\/li>\n\t\t\t\t\t\t<li data-bg=\"https:\/\/www.manoamanobolivia.org\/wp-content\/uploads\/2021\/06\/educacion_3-1024x768.jpg\" class=\"normal\">\n\t\t\t    <a class=\"row-slider-dot\" data-index=\"2\"><\/a>\n\t\t\t<\/li>\n\t\t\t\t        <\/ul>\n\t        <div class=\"row-slider-nav\">\n\t    \t<a class=\"tf_abs row-slider-arrow row-slider-prev\">&lsaquo;<\/a>\n\t    \t<a class=\"tf_abs row-slider-arrow row-slider-next\">&rsaquo;<\/a>\n\t        <\/div>\n\t    <\/div>\n\t    <!-- \/.row-bgs -->\n\t    \t    \t<\/div>\n\t\t    <\/div>\n\t    <!-- \/row_inner -->\n\t<\/div>\n\t<!-- \/module_row -->\n\t\t<!-- module_row -->\n\t<div  data-lazy=\"1\" class=\"module_row themify_builder_row repeat tb_6mu9334 clearfix\" >\n\t    \t\t<div class=\"row_inner col_align_top gutter-none tf_box tf_w tf_rel\"  data-basecol=\"3\" data-col_tablet=\"column-full\">\n\t\t\t<div  data-lazy=\"1\" class=\"module_column tb-column col4-1 first tb_ejwx337 fullcover tf_box\">\n\t    \t    \t<\/div>\n\t\t<div  data-lazy=\"1\" class=\"module_column tb-column col4-2 middle tb_z77w338 repeat tf_box\">\n\t    \t    \t        <div class=\"tb-column-inner tf_box tf_w\">\n\t\t    <!-- module text -->\n<div  class=\"module module-text tb_x74d338  repeat \" data-lazy=\"1\">\n            <div  class=\"tb_text_wrap\">\n    <p>Info<\/p>    <\/div>\n<\/div>\n<!-- \/module text --><!-- module icon -->\n<div  class=\"module module-icon tb_5aiv338  small none icon_vertical \" data-lazy=\"1\">\n            <div class=\"module-icon\">\n\t\t    <div class=\"module-icon-item\">\n\t\t                \t\t    \t\t\t    <i class=\"ui tf_vmiddle tf_textc tf_box black\"><svg  aria-hidden=\"true\" class=\"tf_fa tf-fas-search-location\"><use href=\"#tf-fas-search-location\"><\/use><\/svg><\/i>\n\t\t                \t\t    \t\t\t<span class=\"tf_vmiddle\">Calle Cardenal Terrazas N\u00b0 S 395, Zona Quintanilla<\/span>\n\t\t    \t\t    \t    <\/div>\n\t\t    <div class=\"module-icon-item\">\n\t\t                \t\t    \t\t\t    <i class=\"ui tf_vmiddle tf_textc tf_box black\"><svg  aria-hidden=\"true\" class=\"tf_fa tf-fas-phone-alt\"><use href=\"#tf-fas-phone-alt\"><\/use><\/svg><\/i>\n\t\t                \t\t    \t\t\t<span class=\"tf_vmiddle\">(+591) 4722584 - (+591) 4722585<\/span>\n\t\t    \t\t    \t    <\/div>\n\t\t    <div class=\"module-icon-item\">\n\t\t                \t\t    \t\t\t    <i class=\"ui tf_vmiddle tf_textc tf_box black\"><svg  aria-hidden=\"true\" class=\"tf_fa tf-fas-mobile-alt\"><use href=\"#tf-fas-mobile-alt\"><\/use><\/svg><\/i>\n\t\t                \t\t    \t\t\t<span class=\"tf_vmiddle\">(+591) 72202345<\/span>\n\t\t    \t\t    \t    <\/div>\n\t\t    <div class=\"module-icon-item\">\n\t\t                \t\t    \t\t\t    <i class=\"ui tf_vmiddle tf_textc tf_box black\"><svg  aria-hidden=\"true\" class=\"tf_fa tf-fas-envelope\"><use href=\"#tf-fas-envelope\"><\/use><\/svg><\/i>\n\t\t                \t\t    \t\t\t<span class=\"tf_vmiddle\">info@manoamanobolivia.org<\/span>\n\t\t    \t\t    \t    <\/div>\n\t    <\/div>\n<\/div>\n<!-- \/module icon -->\n\t        <\/div>\n\t    \t<\/div>\n\t\t<div  data-lazy=\"1\" class=\"module_column tb-column col4-1 last tb_eyz6338 repeat tf_box\">\n\t    \t    \t        <div class=\"tb-column-inner tf_box tf_w\">\n\t\t    <!-- module text -->\n<div  class=\"module module-text tb_yliv338  repeat \" data-lazy=\"1\">\n            <div  class=\"tb_text_wrap\">\n    <p>S\u00edguenos<\/p>    <\/div>\n<\/div>\n<!-- \/module text --><!-- module icon -->\n<div  class=\"module module-icon tb_x8qe339  normal none icon_horizontal \" data-lazy=\"1\">\n            <div class=\"module-icon\">\n\t\t    <div class=\"module-icon-item tf_inline_b\">\n\t\t\t\t    <a href=\"https:\/\/www.facebook.com\/ManoaManoBolivia\" rel=\"noopener\" target=\"_blank\">\n\t\t                    \t\t    \t\t\t    <i class=\"ui tf_vmiddle tf_textc tf_box tb_default_color\"><svg  aria-hidden=\"true\" class=\"tf_fa tf-fab-facebook-square\"><use href=\"#tf-fab-facebook-square\"><\/use><\/svg><\/i>\n\t\t                \t\t    \t\t    \t\t    <\/a>\n\t\t\t    <\/div>\n\t\t    <div class=\"module-icon-item tf_inline_b\">\n\t\t                \t\t    \t\t\t    <i class=\"ui tf_vmiddle tf_textc tf_box tb_default_color\"><svg  aria-hidden=\"true\" class=\"tf_fa tf-fab-instagram-square\"><use href=\"#tf-fab-instagram-square\"><\/use><\/svg><\/i>\n\t\t                \t\t    \t\t    \t    <\/div>\n\t\t    <div class=\"module-icon-item tf_inline_b\">\n\t\t                \t\t    \t\t\t    <i class=\"ui tf_vmiddle tf_textc tf_box tb_default_color\"><svg  aria-hidden=\"true\" class=\"tf_fa tf-fab-youtube-square\"><use href=\"#tf-fab-youtube-square\"><\/use><\/svg><\/i>\n\t\t                \t\t    \t\t    \t    <\/div>\n\t    <\/div>\n<\/div>\n<!-- \/module icon -->\n\t        <\/div>\n\t    \t<\/div>\n\t\t    <\/div>\n\t    <!-- \/row_inner -->\n\t<\/div>\n\t<!-- \/module_row -->\n\t<\/div>\n<!--\/themify_builder_content-->\n","protected":false},"excerpt":{"rendered":"<p>Infraestructura en educaci\u00f3n<\/p>\n","protected":false},"author":1,"featured_media":0,"parent":0,"menu_order":0,"comment_status":"closed","ping_status":"closed","template":"","meta":{"footnotes":""},"_links":{"self":[{"href":"https:\/\/www.manoamanobolivia.org\/en\/wp-json\/wp\/v2\/pages\/989"}],"collection":[{"href":"https:\/\/www.manoamanobolivia.org\/en\/wp-json\/wp\/v2\/pages"}],"about":[{"href":"https:\/\/www.manoamanobolivia.org\/en\/wp-json\/wp\/v2\/types\/page"}],"author":[{"embeddable":true,"href":"https:\/\/www.manoamanobolivia.org\/en\/wp-json\/wp\/v2\/users\/1"}],"replies":[{"embeddable":true,"href":"https:\/\/www.manoamanobolivia.org\/en\/wp-json\/wp\/v2\/comments?post=989"}],"version-history":[{"count":61,"href":"https:\/\/www.manoamanobolivia.org\/en\/wp-json\/wp\/v2\/pages\/989\/revisions"}],"predecessor-version":[{"id":2469,"href":"https:\/\/www.manoamanobolivia.org\/en\/wp-json\/wp\/v2\/pages\/989\/revisions\/2469"}],"wp:attachment":[{"href":"https:\/\/www.manoamanobolivia.org\/en\/wp-json\/wp\/v2\/media?parent=989"}],"curies":[{"name":"wp","href":"https:\/\/api.w.org\/{rel}","templated":true}]}}