{"id":993,"date":"2021-04-02T12:52:23","date_gmt":"2021-04-02T16:52:23","guid":{"rendered":"https:\/\/www.manoamanobolivia.org\/?page_id=993"},"modified":"2021-07-20T13:51:26","modified_gmt":"2021-07-20T17:51:26","slug":"becas-para-estudiantes","status":"publish","type":"page","link":"https:\/\/www.manoamanobolivia.org\/en\/becas-para-estudiantes\/","title":{"rendered":""},"content":{"rendered":"<!--themify_builder_content-->\n<div id=\"themify_builder_content-993\" data-postid=\"993\" class=\"themify_builder_content themify_builder_content-993 themify_builder tf_clear\">\n    \t<!-- module_row -->\n\t<div  data-css_id=\"mxel598\" data-lazy=\"1\" class=\"module_row themify_builder_row builder-parallax-scrolling fullwidth tb_mxel598 tb_first clearfix wow\" data-tf-animation=\"fadeIn\" >\n\t    \t\t<div class=\"row_inner col_align_middle gutter-none tf_box tf_w tf_rel\"  data-basecol=\"2\" data-col_tablet=\"column-full\">\n\t\t\t<div  data-lazy=\"1\" style=\"width: 55.24%\" class=\"module_column tb-column col4-2 first tb_cf6m603 builder-parallax-scrolling tf_box\">\n\t    <div class=\"tf_abs builder_row_cover\"><\/div>\t    <div class=\"tf_hide column-slider tb_slider\" data-bgmode=\"fullcover\" data-sliderspeed=\"2000\">\n\t        <ul class=\"tf_abs row-slider-slides clearfix\">\n\t\t    \t\t\t<li data-bg=\"https:\/\/www.manoamanobolivia.org\/wp-content\/uploads\/2021\/06\/IMG_1150-1024x576.jpg\" class=\"normal\">\n\t\t\t    <a class=\"row-slider-dot\" data-index=\"0\"><\/a>\n\t\t\t<\/li>\n\t\t\t\t\t\t<li data-bg=\"https:\/\/www.manoamanobolivia.org\/wp-content\/uploads\/2021\/06\/sonar_1-1024x576.jpg\" class=\"normal\">\n\t\t\t    <a class=\"row-slider-dot\" data-index=\"1\"><\/a>\n\t\t\t<\/li>\n\t\t\t\t\t\t<li data-bg=\"https:\/\/www.manoamanobolivia.org\/wp-content\/uploads\/2021\/06\/sonar_2-1024x768.jpg\" class=\"normal\">\n\t\t\t    <a class=\"row-slider-dot\" data-index=\"2\"><\/a>\n\t\t\t<\/li>\n\t\t\t\t        <\/ul>\n\t        <div class=\"row-slider-nav\">\n\t    \t<a class=\"tf_abs row-slider-arrow row-slider-prev\">&lsaquo;<\/a>\n\t    \t<a class=\"tf_abs row-slider-arrow row-slider-next\">&rsaquo;<\/a>\n\t        <\/div>\n\t    <\/div>\n\t    <!-- \/.row-bgs -->\n\t    \t    \t        <div class=\"tb-column-inner tf_box tf_w\">\n\t\t    <!-- module text -->\n<div  class=\"module module-text tb_ua4j605  repeat  wow\" data-tf-animation=\"fadeInLeft\" data-lazy=\"1\">\n            <div  class=\"tb_text_wrap\">\n    <h1>Becas para estudiantes<\/h1>    <\/div>\n<\/div>\n<!-- \/module text -->\t        <\/div>\n\t    \t<\/div>\n\t\t<div  data-lazy=\"1\" style=\"width: 44.76%\" class=\"module_column tb-column col4-2 last tb_o79o608 repeat tf_box\">\n\t    \t    \t        <div class=\"tb-column-inner tf_box tf_w\">\n\t\t    <!-- module text -->\n<div  class=\"module module-text tb_cuzr616    wow\" data-tf-animation=\"fadeInRight\" data-tf-animation_delay=\"1\" data-lazy=\"1\">\n            <div  class=\"tb_text_wrap\">\n    <p>En Bolivia no existen pol\u00edticas p\u00fablicas de apoyo a j\u00f3venes de familias de pocos recursos para que puedan acceder a una educaci\u00f3n t\u00e9cnica o superior,\u00a0 debido a dificultades econ\u00f3micas, solo 2 de cada 10 j\u00f3venes logran obtener un t\u00edtulo profesional que le ayude a mejorar sus oportunidades laborales.<\/p>    <\/div>\n<\/div>\n<!-- \/module text -->\t        <\/div>\n\t    \t<\/div>\n\t\t    <\/div>\n\t    <!-- \/row_inner -->\n\t<\/div>\n\t<!-- \/module_row -->\n\t\t<!-- module_row -->\n\t<div  data-css_id=\"luh4283\" data-lazy=\"1\" class=\"module_row themify_builder_row builder-parallax-scrolling fullwidth tb_luh4283 clearfix\" >\n\t    \t\t<div class=\"row_inner col_align_top tf_box tf_w tf_rel\">\n\t\t\t<div  data-lazy=\"1\" class=\"module_column tb-column col-full first tb_5q13284 tf_box\">\n\t    \t    \t        <div class=\"tb-column-inner tf_box tf_w\">\n\t\t    <!-- module text -->\n<div  class=\"module module-text tb_vz84117  repeat  wow\" data-tf-animation=\"fadeIn\" data-lazy=\"1\">\n            <div  class=\"tb_text_wrap\">\n    <p>Mano a Mano Bolivia ofrece un programa de becas parciales, que apoya a estudiantes emprendedores y con visi\u00f3n de futuro, para continuar con estudios superiores en carreras t\u00e9cnicas o licenciaturas; previa evaluaci\u00f3n acad\u00e9mica y socioecon\u00f3mica familiar, se determina el financiamiento individual de los costos de estudio, transporte y otros, hasta la culminaci\u00f3n de sus estudios.<\/p>    <\/div>\n<\/div>\n<!-- \/module text -->\t        <\/div>\n\t    \t<\/div>\n\t\t    <\/div>\n\t    <!-- \/row_inner -->\n\t<\/div>\n\t<!-- \/module_row -->\n\t\t<!-- module_row -->\n\t<div  data-css_id=\"iurc696\" data-lazy=\"1\" class=\"module_row themify_builder_row builder-parallax-scrolling fullwidth tb_iurc696 clearfix wow\" data-tf-animation=\"fadeIn\" >\n\t    \t\t<div class=\"row_inner col_align_middle gutter-none tf_box tf_w tf_rel\"  data-basecol=\"2\" data-col_tablet=\"column-full\">\n\t\t\t<div  data-lazy=\"1\" style=\"width: 44.95%\" class=\"module_column tb-column col4-2 first tb_h1xw741 repeat tf_box\">\n\t    \t    \t        <div class=\"tb-column-inner tf_box tf_w\">\n\t\t    <!-- module text -->\n<div  class=\"module module-text tb_kamc174  repeat  wow\" data-tf-animation=\"fadeInLeft\" data-tf-animation_delay=\"1\" data-lazy=\"1\">\n            <div  class=\"tb_text_wrap\">\n    <p>Cada estudiante recibe asesoramiento acad\u00e9mico y social, adem\u00e1s de un programa de apoyo extracurricular de capacitaci\u00f3n e incentivo para\u00a0 practicar voluntariado. Con tu colaboraci\u00f3n muchos j\u00f3venes estudiantes alcanzar\u00e1n el sue\u00f1o de obtener una profesi\u00f3n y trabajar apoyando a su propia familia para salir del c\u00edrculo de pobreza.<\/p>    <\/div>\n<\/div>\n<!-- \/module text -->\t        <\/div>\n\t    \t<\/div>\n\t\t<div  data-lazy=\"1\" style=\"width: 55.05%\" class=\"module_column tb-column col4-2 last tb_uf0c851 repeat-none tf_box\">\n\t    \t    <div class=\"tf_hide column-slider tb_slider\" data-bgmode=\"fullcover\" data-sliderspeed=\"2000\">\n\t        <ul class=\"tf_abs row-slider-slides clearfix\">\n\t\t    \t\t\t<li data-bg=\"https:\/\/www.manoamanobolivia.org\/wp-content\/uploads\/2021\/06\/20171201_201200-1024x768.jpg\" class=\"normal\">\n\t\t\t    <a class=\"row-slider-dot\" data-index=\"0\"><\/a>\n\t\t\t<\/li>\n\t\t\t\t\t\t<li data-bg=\"https:\/\/www.manoamanobolivia.org\/wp-content\/uploads\/2021\/06\/20-1024x768.jpg\" class=\"normal\">\n\t\t\t    <a class=\"row-slider-dot\" data-index=\"1\"><\/a>\n\t\t\t<\/li>\n\t\t\t\t\t\t<li data-bg=\"https:\/\/www.manoamanobolivia.org\/wp-content\/uploads\/2021\/06\/Berna-1-1024x576.jpg\" class=\"normal\">\n\t\t\t    <a class=\"row-slider-dot\" data-index=\"2\"><\/a>\n\t\t\t<\/li>\n\t\t\t\t        <\/ul>\n\t        <div class=\"row-slider-nav\">\n\t    \t<a class=\"tf_abs row-slider-arrow row-slider-prev\">&lsaquo;<\/a>\n\t    \t<a class=\"tf_abs row-slider-arrow row-slider-next\">&rsaquo;<\/a>\n\t        <\/div>\n\t    <\/div>\n\t    <!-- \/.row-bgs -->\n\t    \t    \t<\/div>\n\t\t    <\/div>\n\t    <!-- \/row_inner -->\n\t<\/div>\n\t<!-- \/module_row -->\n\t\t<!-- module_row -->\n\t<div  data-lazy=\"1\" class=\"module_row themify_builder_row repeat tb_stmk709 clearfix\" >\n\t    \t\t<div class=\"row_inner col_align_top gutter-none tf_box tf_w tf_rel\"  data-basecol=\"3\" data-col_tablet=\"column-full\">\n\t\t\t<div  data-lazy=\"1\" class=\"module_column tb-column col4-1 first tb_es44711 fullcover tf_box\">\n\t    \t    \t<\/div>\n\t\t<div  data-lazy=\"1\" class=\"module_column tb-column col4-2 middle tb_4fpq712 repeat tf_box\">\n\t    \t    \t        <div class=\"tb-column-inner tf_box tf_w\">\n\t\t    <!-- module text -->\n<div  class=\"module module-text tb_5ssl713  repeat \" data-lazy=\"1\">\n            <div  class=\"tb_text_wrap\">\n    <p>Info<\/p>    <\/div>\n<\/div>\n<!-- \/module text --><!-- module icon -->\n<div  class=\"module module-icon tb_ytse713  small none icon_vertical \" data-lazy=\"1\">\n            <div class=\"module-icon\">\n\t\t    <div class=\"module-icon-item\">\n\t\t                \t\t    \t\t\t    <i class=\"ui tf_vmiddle tf_textc tf_box black\"><svg  aria-hidden=\"true\" class=\"tf_fa tf-fas-search-location\"><use href=\"#tf-fas-search-location\"><\/use><\/svg><\/i>\n\t\t                \t\t    \t\t\t<span class=\"tf_vmiddle\">Calle Cardenal Terrazas N\u00b0 S 395, Zona Quintanilla<\/span>\n\t\t    \t\t    \t    <\/div>\n\t\t    <div class=\"module-icon-item\">\n\t\t                \t\t    \t\t\t    <i class=\"ui tf_vmiddle tf_textc tf_box black\"><svg  aria-hidden=\"true\" class=\"tf_fa tf-fas-phone-alt\"><use href=\"#tf-fas-phone-alt\"><\/use><\/svg><\/i>\n\t\t                \t\t    \t\t\t<span class=\"tf_vmiddle\">(+591) 4722584 - (+591) 4722585<\/span>\n\t\t    \t\t    \t    <\/div>\n\t\t    <div class=\"module-icon-item\">\n\t\t                \t\t    \t\t\t    <i class=\"ui tf_vmiddle tf_textc tf_box black\"><svg  aria-hidden=\"true\" class=\"tf_fa tf-fas-mobile-alt\"><use href=\"#tf-fas-mobile-alt\"><\/use><\/svg><\/i>\n\t\t                \t\t    \t\t\t<span class=\"tf_vmiddle\">(+591) 72202345<\/span>\n\t\t    \t\t    \t    <\/div>\n\t\t    <div class=\"module-icon-item\">\n\t\t                \t\t    \t\t\t    <i class=\"ui tf_vmiddle tf_textc tf_box black\"><svg  aria-hidden=\"true\" class=\"tf_fa tf-fas-envelope\"><use href=\"#tf-fas-envelope\"><\/use><\/svg><\/i>\n\t\t                \t\t    \t\t\t<span class=\"tf_vmiddle\">info@manoamanobolivia.org<\/span>\n\t\t    \t\t    \t    <\/div>\n\t    <\/div>\n<\/div>\n<!-- \/module icon -->\n\t        <\/div>\n\t    \t<\/div>\n\t\t<div  data-lazy=\"1\" class=\"module_column tb-column col4-1 last tb_1hz2713 repeat tf_box\">\n\t    \t    \t        <div class=\"tb-column-inner tf_box tf_w\">\n\t\t    <!-- module text -->\n<div  class=\"module module-text tb_34r0713  repeat \" data-lazy=\"1\">\n            <div  class=\"tb_text_wrap\">\n    <p>S\u00edguenos<\/p>    <\/div>\n<\/div>\n<!-- \/module text --><!-- module icon -->\n<div  class=\"module module-icon tb_a8p2713  normal none icon_horizontal \" data-lazy=\"1\">\n            <div class=\"module-icon\">\n\t\t    <div class=\"module-icon-item tf_inline_b\">\n\t\t\t\t    <a href=\"https:\/\/www.facebook.com\/ManoaManoBolivia\" rel=\"noopener\" target=\"_blank\">\n\t\t                    \t\t    \t\t\t    <i class=\"ui tf_vmiddle tf_textc tf_box tb_default_color\"><svg  aria-hidden=\"true\" class=\"tf_fa tf-fab-facebook-square\"><use href=\"#tf-fab-facebook-square\"><\/use><\/svg><\/i>\n\t\t                \t\t    \t\t    \t\t    <\/a>\n\t\t\t    <\/div>\n\t\t    <div class=\"module-icon-item tf_inline_b\">\n\t\t                \t\t    \t\t\t    <i class=\"ui tf_vmiddle tf_textc tf_box tb_default_color\"><svg  aria-hidden=\"true\" class=\"tf_fa tf-fab-instagram-square\"><use href=\"#tf-fab-instagram-square\"><\/use><\/svg><\/i>\n\t\t                \t\t    \t\t    \t    <\/div>\n\t\t    <div class=\"module-icon-item tf_inline_b\">\n\t\t                \t\t    \t\t\t    <i class=\"ui tf_vmiddle tf_textc tf_box tb_default_color\"><svg  aria-hidden=\"true\" class=\"tf_fa tf-fab-youtube-square\"><use href=\"#tf-fab-youtube-square\"><\/use><\/svg><\/i>\n\t\t                \t\t    \t\t    \t    <\/div>\n\t    <\/div>\n<\/div>\n<!-- \/module icon -->\n\t        <\/div>\n\t    \t<\/div>\n\t\t    <\/div>\n\t    <!-- \/row_inner -->\n\t<\/div>\n\t<!-- \/module_row -->\n\t<\/div>\n<!--\/themify_builder_content-->\n","protected":false},"excerpt":{"rendered":"<p>Becas para estudiantes<\/p>\n","protected":false},"author":1,"featured_media":0,"parent":0,"menu_order":0,"comment_status":"closed","ping_status":"closed","template":"","meta":{"footnotes":""},"_links":{"self":[{"href":"https:\/\/www.manoamanobolivia.org\/en\/wp-json\/wp\/v2\/pages\/993"}],"collection":[{"href":"https:\/\/www.manoamanobolivia.org\/en\/wp-json\/wp\/v2\/pages"}],"about":[{"href":"https:\/\/www.manoamanobolivia.org\/en\/wp-json\/wp\/v2\/types\/page"}],"author":[{"embeddable":true,"href":"https:\/\/www.manoamanobolivia.org\/en\/wp-json\/wp\/v2\/users\/1"}],"replies":[{"embeddable":true,"href":"https:\/\/www.manoamanobolivia.org\/en\/wp-json\/wp\/v2\/comments?post=993"}],"version-history":[{"count":61,"href":"https:\/\/www.manoamanobolivia.org\/en\/wp-json\/wp\/v2\/pages\/993\/revisions"}],"predecessor-version":[{"id":2378,"href":"https:\/\/www.manoamanobolivia.org\/en\/wp-json\/wp\/v2\/pages\/993\/revisions\/2378"}],"wp:attachment":[{"href":"https:\/\/www.manoamanobolivia.org\/en\/wp-json\/wp\/v2\/media?parent=993"}],"curies":[{"name":"wp","href":"https:\/\/api.w.org\/{rel}","templated":true}]}}